{"id":1380,"date":"2024-11-26T09:24:31","date_gmt":"2024-11-26T08:24:31","guid":{"rendered":"https:\/\/flec-s.nl\/o-jogo\/"},"modified":"2025-05-21T17:12:06","modified_gmt":"2025-05-21T15:12:06","slug":"o-jogo","status":"publish","type":"page","link":"https:\/\/flec-s.nl\/pt-pt\/o-jogo\/","title":{"rendered":"O jogo"},"content":{"rendered":"<p>[et_pb_section fb_built=&#8221;1&#8243; custom_padding_last_edited=&#8221;on|phone&#8221; _builder_version=&#8221;4.27.4&#8243; _module_preset=&#8221;default&#8221; use_background_color_gradient=&#8221;on&#8221; background_color_gradient_stops=&#8221;rgba(10,10,10,0.5) 0%|rgba(10,10,10,0.5) 100%&#8221; background_color_gradient_overlays_image=&#8221;on&#8221; background_enable_image=&#8221;off&#8221; background_position=&#8221;top_center&#8221; background_vertical_offset=&#8221;35%&#8221; background_video_mp4=&#8221;https:\/\/flec-s.nl\/wp-content\/uploads\/2025\/03\/Flec-s_K.mp4&#8243; custom_margin=&#8221;-97px||||false|false&#8221; custom_padding=&#8221;400px||100px||false|false&#8221; custom_padding_tablet=&#8221;300px||100px||false|false&#8221; custom_padding_phone=&#8221;200px||100px||false|false&#8221; custom_css_before=&#8221;content: %22%22;||position: absolute;||height: 100%;||width: 100%;||background-color: rgba(0,0,0,0.4);||top: 0;||left: 0;||z-index: 1;&#8221; locked=&#8221;off&#8221; global_colors_info=&#8221;{}&#8221;][et_pb_row module_class=&#8221;wtfy-btn-align&#8221; _builder_version=&#8221;4.27.0&#8243; _module_preset=&#8221;default&#8221; global_colors_info=&#8221;{}&#8221;][et_pb_column type=&#8221;4_4&#8243; _builder_version=&#8221;4.27.0&#8243; _module_preset=&#8221;default&#8221; global_colors_info=&#8221;{}&#8221;][et_pb_text _builder_version=&#8221;4.27.3&#8243; _module_preset=&#8221;default&#8221; text_text_color=&#8221;#EFF3FC&#8221; header_text_color=&#8221;#EFF3FC&#8221; header_font_size=&#8221;60px&#8221; header_3_text_color=&#8221;#EFF3FC&#8221; header_3_font_size=&#8221;32px&#8221; max_width=&#8221;60%&#8221; max_width_tablet=&#8221;100%&#8221; max_width_phone=&#8221;100%&#8221; max_width_last_edited=&#8221;on|phone&#8221; header_font_size_tablet=&#8221;45px&#8221; header_font_size_phone=&#8221;28px&#8221; header_font_size_last_edited=&#8221;on|tablet&#8221; header_3_font_size_tablet=&#8221;22px&#8221; header_3_font_size_phone=&#8221;18px&#8221; header_3_font_size_last_edited=&#8221;on|tablet&#8221; global_colors_info=&#8221;{}&#8221;]<\/p>\n<h1>A partida<\/h1>\n<h3>A ag\u00eancia de emprego Flecs encontra um par para ti<\/h3>\n<p>[\/et_pb_text][\/et_pb_column][\/et_pb_row][\/et_pb_section][et_pb_section fb_built=&#8221;1&#8243; custom_padding_last_edited=&#8221;on|phone&#8221; _builder_version=&#8221;4.27.3&#8243; _module_preset=&#8221;default&#8221; background_color=&#8221;#F9F6EE&#8221; custom_padding=&#8221;100px||100px||true|false&#8221; custom_padding_tablet=&#8221;75px||75px||true|false&#8221; custom_padding_phone=&#8221;50px||50px||true|false&#8221; locked=&#8221;off&#8221; global_colors_info=&#8221;{}&#8221;][et_pb_row make_equal=&#8221;on&#8221; module_class=&#8221;wtfy-btn-align&#8221; _builder_version=&#8221;4.27.3&#8243; _module_preset=&#8221;default&#8221; custom_margin=&#8221;||25px||false|false&#8221; global_colors_info=&#8221;{}&#8221;][et_pb_column type=&#8221;4_4&#8243; _builder_version=&#8221;4.27.2&#8243; _module_preset=&#8221;default&#8221; custom_padding_tablet=&#8221;||30px||false|false&#8221; custom_padding_phone=&#8221;||30px||false|false&#8221; custom_padding_last_edited=&#8221;on|tablet&#8221; custom_css_main_element=&#8221;margin: auto;&#8221; global_colors_info=&#8221;{}&#8221;][et_pb_text _builder_version=&#8221;4.27.3&#8243; _module_preset=&#8221;default&#8221; header_2_text_color=&#8221;#53107D&#8221; custom_margin=&#8221;||||false|false&#8221; locked=&#8221;off&#8221; global_colors_info=&#8221;{}&#8221;]<\/p>\n<h2>Media\u00e7\u00e3o?<\/h2>\n<p>Na FLECS, a media\u00e7\u00e3o \u00e9 sin\u00f3nimo de tr\u00eas valores fundamentais: <strong>pessoal<\/strong>, <strong>concentra\u00e7\u00e3o no par<\/strong> e <strong>empenho<\/strong>.<\/p>\n<p>[\/et_pb_text][\/et_pb_column][\/et_pb_row][et_pb_row column_structure=&#8221;1_3,1_3,1_3&#8243; make_equal=&#8221;on&#8221; _builder_version=&#8221;4.27.3&#8243; _module_preset=&#8221;default&#8221; custom_margin=&#8221;||45px||false|false&#8221; global_colors_info=&#8221;{}&#8221;][et_pb_column type=&#8221;1_3&#8243; _builder_version=&#8221;4.27.3&#8243; _module_preset=&#8221;default&#8221; background_color=&#8221;#53107D&#8221; custom_padding=&#8221;35px|35px|35px|35px|true|true&#8221; custom_css_before=&#8221;content: &#8221;;||display: inline-block;||width: 30px;||height: 30px;||background-color: #F9F6EE;||border-radius: 50px;||position: absolute;||top: 50%;||transform: translateY(-50%);||right: -8px;&#8221; custom_css_after=&#8221;    content: &#8221;;||    display: inline-block;||    width: 30px;||    height: 30px;||    background-color: #53107d;||    border-radius: 50px;||    position: absolute;||    right: 10%;||    transform: translateX(-50%);||    bottom: -15px;&#8221; global_colors_info=&#8221;{}&#8221;][et_pb_text _builder_version=&#8221;4.27.3&#8243; _module_preset=&#8221;default&#8221; text_text_color=&#8221;#FFFFFF&#8221; header_3_text_color=&#8221;#FFFFFF&#8221; header_3_font_size=&#8221;25px&#8221; global_colors_info=&#8221;{}&#8221;]<\/p>\n<h3>Pessoais<\/h3>\n<p>Acreditamos no poder da aten\u00e7\u00e3o pessoal. Ao ouvirmos verdadeiramente os candidatos a emprego e os empregadores, compreendemos os seus desejos e necessidades \u00fanicos e podemos fornecer solu\u00e7\u00f5es \u00e0 medida.<\/p>\n<p>[\/et_pb_text][\/et_pb_column][et_pb_column type=&#8221;1_3&#8243; _builder_version=&#8221;4.27.3&#8243; _module_preset=&#8221;default&#8221; background_color=&#8221;#53107D&#8221; custom_padding=&#8221;35px|35px|35px|35px|true|true&#8221; custom_css_before=&#8221;content: &#8221;;||display: inline-block;||width: 30px;||height: 30px;||background-color: #F9F6EE;||border-radius: 50px;||position: absolute;||top: 50%;||transform: translateY(-50%);||right: -8px;&#8221; custom_css_after=&#8221;    content: &#8221;;||    display: inline-block;||    width: 30px;||    height: 30px;||    background-color: #53107d;||    border-radius: 50px;||    position: absolute;||    right: 10%;||    transform: translateX(-50%);||    bottom: -15px;&#8221; global_colors_info=&#8221;{}&#8221;][et_pb_text _builder_version=&#8221;4.27.3&#8243; _module_preset=&#8221;default&#8221; text_text_color=&#8221;#FFFFFF&#8221; header_3_text_color=&#8221;#FFFFFF&#8221; header_3_font_size=&#8221;25px&#8221; global_colors_info=&#8221;{}&#8221;]<\/p>\n<h3><strong>Concentra-te no jogo<\/strong><\/h3>\n<p>A nossa prioridade \u00e9 fazer a correspond\u00eancia correta. A cultura da empresa e a vis\u00e3o a longo prazo tamb\u00e9m desempenham um papel crucial, permitindo que tanto o empregado como o empregador cres\u00e7am e alcancem o sucesso.<\/p>\n<p>[\/et_pb_text][\/et_pb_column][et_pb_column type=&#8221;1_3&#8243; _builder_version=&#8221;4.27.3&#8243; _module_preset=&#8221;default&#8221; background_color=&#8221;#53107D&#8221; custom_padding=&#8221;35px|35px|35px|35px|true|true&#8221; custom_css_before=&#8221;content: &#8221;;||display: inline-block;||width: 30px;||height: 30px;||background-color: #F9F6EE;||border-radius: 50px;||position: absolute;||top: 50%;||transform: translateY(-50%);||right: -8px;&#8221; custom_css_after=&#8221;    content: &#8221;;||    display: inline-block;||    width: 30px;||    height: 30px;||    background-color: #53107d;||    border-radius: 50px;||    position: absolute;||    right: 10%;||    transform: translateX(-50%);||    bottom: -15px;&#8221; global_colors_info=&#8221;{}&#8221;][et_pb_text _builder_version=&#8221;4.27.3&#8243; _module_preset=&#8221;default&#8221; text_text_color=&#8221;#FFFFFF&#8221; header_3_text_color=&#8221;#FFFFFF&#8221; header_3_font_size=&#8221;25px&#8221; global_colors_info=&#8221;{}&#8221;]<\/p>\n<h3><strong>Compromisso<\/strong><\/h3>\n<p>Estamos intensamente envolvidos em todo o processo, desde a entrevista inicial at\u00e9 ao aconselhamento p\u00f3s-coloca\u00e7\u00e3o. Certificamo-nos de que tanto os candidatos a emprego como os empregadores se sentem totalmente apoiados e que tudo corre bem.<\/p>\n<p>[\/et_pb_text][\/et_pb_column][\/et_pb_row][et_pb_row _builder_version=&#8221;4.27.3&#8243; _module_preset=&#8221;default&#8221; background_color=&#8221;#53107D&#8221; global_colors_info=&#8221;{}&#8221;][et_pb_column type=&#8221;4_4&#8243; _builder_version=&#8221;4.27.3&#8243; _module_preset=&#8221;default&#8221; custom_padding=&#8221;25px|25px|25px|25px|true|true&#8221; custom_css_before=&#8221;content: &#8221;;||display: inline-block;||width: 30px;||height: 30px;||background-color: #F9F6EE;||border-radius: 50px;||position: absolute;||top: 50%;||transform: translateY(-50%);||right: -8px;&#8221; custom_css_after=&#8221;    content: &#8221;;||    display: inline-block;||    width: 30px;||    height: 30px;||    background-color: #53107d;||    border-radius: 50px;||    position: absolute;||    right: 10%;||    transform: translateX(-50%);||    bottom: -15px;&#8221; global_colors_info=&#8221;{}&#8221;][et_pb_text _builder_version=&#8221;4.27.3&#8243; _module_preset=&#8221;default&#8221; text_text_color=&#8221;#FFFFFF&#8221; global_colors_info=&#8221;{}&#8221;]<\/p>\n<p>Com estes valores fundamentais, esfor\u00e7amo-nos por conseguir media\u00e7\u00f5es sustent\u00e1veis e valiosas que proporcionem os melhores resultados para ambas as partes.<\/p>\n<p>[\/et_pb_text][\/et_pb_column][\/et_pb_row][\/et_pb_section][et_pb_section fb_built=&#8221;1&#8243; custom_padding_last_edited=&#8221;on|phone&#8221; _builder_version=&#8221;4.27.3&#8243; _module_preset=&#8221;default&#8221; background_color=&#8221;#F9F6EE&#8221; custom_padding=&#8221;0px||100px||false|false&#8221; custom_padding_tablet=&#8221;0px||75px||false|false&#8221; custom_padding_phone=&#8221;0px||50px||false|false&#8221; locked=&#8221;off&#8221; global_colors_info=&#8221;{}&#8221;][et_pb_row column_structure=&#8221;1_2,1_2&#8243; make_equal=&#8221;on&#8221; module_id=&#8221;bemiddeling&#8221; module_class=&#8221;wtfy-row-switch&#8221; _builder_version=&#8221;4.27.3&#8243; _module_preset=&#8221;default&#8221; global_colors_info=&#8221;{}&#8221;][et_pb_column type=&#8221;1_2&#8243; _builder_version=&#8221;4.27.2&#8243; _module_preset=&#8221;default&#8221; custom_css_main_element=&#8221;margin: auto;&#8221; global_colors_info=&#8221;{}&#8221;][et_pb_image src=&#8221;https:\/\/flec-s.nl\/wp-content\/uploads\/2024\/10\/pexels-alex-green-5699466.jpg&#8221; title_text=&#8221;pexels-alex-green-5699466&#8243; _builder_version=&#8221;4.27.2&#8243; _module_preset=&#8221;default&#8221; box_shadow_style=&#8221;preset4&#8243; box_shadow_horizontal=&#8221;5px&#8221; box_shadow_vertical=&#8221;5px&#8221; box_shadow_color=&#8221;#53107D&#8221; global_colors_info=&#8221;{}&#8221;][\/et_pb_image][\/et_pb_column][et_pb_column type=&#8221;1_2&#8243; _builder_version=&#8221;4.27.0&#8243; _module_preset=&#8221;default&#8221; custom_css_main_element=&#8221;margin: auto;&#8221; global_colors_info=&#8221;{}&#8221;][et_pb_text module_class=&#8221;wtfy-markers&#8221; _builder_version=&#8221;4.27.3&#8243; _module_preset=&#8221;default&#8221; header_2_text_color=&#8221;#53107D&#8221; custom_margin=&#8221;||10px||false|false&#8221; locked=&#8221;off&#8221; global_colors_info=&#8221;{}&#8221;]<\/p>\n<h2>Porqu\u00ea escolher a media\u00e7\u00e3o FLECS<\/h2>\n<p>Escolhe a FLECS porque acreditamos numa abordagem pessoal, empenhada e r\u00e1pida que realmente se adapta a ti. Eis o que podes esperar de n\u00f3s:<\/p>\n<ul>\n<li><strong>Tu \u00e9s importante:<\/strong> N\u00f3s olhamos para al\u00e9m do teu CV. Dedicamos tempo a perceber quem \u00e9s, o que te motiva e o que procuras. Desta forma, garantimos que n\u00e3o s\u00f3 encontras um emprego, mas tamb\u00e9m um ambiente de trabalho que te conv\u00e9m.<\/li>\n<li><strong>Sempre acess\u00edvel e apoiado<\/strong>: Na FLECS, n\u00e3o est\u00e1s sozinho. Estamos sempre dispon\u00edveis para esclarecer d\u00favidas e oferecer a orienta\u00e7\u00e3o de que necessitas. Al\u00e9m disso, podes contactar facilmente outros membros da nossa equipa para obteres sempre o apoio certo.<\/li>\n<li><strong>Assist\u00eancia r\u00e1pida e personalizada<\/strong>: Trabalhamos rapidamente, mas sempre tendo em conta as tuas necessidades e valores pessoais. Certificar-nos-emos de que o processo decorre sem problemas e ajudar-te-emos a fazer a melhor escolha.<\/li>\n<\/ul>\n<p>[\/et_pb_text][et_pb_button button_url=&#8221;@ET-DC@eyJkeW5hbWljIjp0cnVlLCJjb250ZW50IjoicG9zdF9saW5rX3VybF9wYWdlIiwic2V0dGluZ3MiOnsicG9zdF9pZCI6Ijk0OCIsImVuYWJsZV9odG1sIjoib2ZmIn19@&#8221; button_text=&#8221;Contacto&#8221; button_alignment=&#8221;left&#8221; button_alignment_last_edited=&#8221;off|desktop&#8221; _builder_version=&#8221;4.27.3&#8243; _dynamic_attributes=&#8221;button_url&#8221; _module_preset=&#8221;default&#8221; custom_margin_tablet=&#8221;||30px||false|false&#8221; custom_margin_phone=&#8221;||30px||false|false&#8221; custom_margin_last_edited=&#8221;on|tablet&#8221; global_colors_info=&#8221;{}&#8221;][\/et_pb_button][\/et_pb_column][\/et_pb_row][\/et_pb_section][et_pb_section fb_built=&#8221;1&#8243; custom_padding_last_edited=&#8221;on|phone&#8221; _builder_version=&#8221;4.27.3&#8243; _module_preset=&#8221;default&#8221; background_color=&#8221;#F9F6EE&#8221; custom_padding=&#8221;0px||100px||false|false&#8221; custom_padding_tablet=&#8221;||75px||false|false&#8221; custom_padding_phone=&#8221;||50px||false|false&#8221; global_colors_info=&#8221;{}&#8221;][et_pb_row column_structure=&#8221;1_2,1_2&#8243; make_equal=&#8221;on&#8221; _builder_version=&#8221;4.27.3&#8243; _module_preset=&#8221;default&#8221; global_colors_info=&#8221;{}&#8221;][et_pb_column type=&#8221;1_2&#8243; _builder_version=&#8221;4.27.0&#8243; _module_preset=&#8221;default&#8221; custom_css_main_element=&#8221;margin: auto;&#8221; global_colors_info=&#8221;{}&#8221;][et_pb_text module_class=&#8221;wtfy-markers&#8221; _builder_version=&#8221;4.27.3&#8243; _module_preset=&#8221;default&#8221; header_2_text_color=&#8221;#53107D&#8221; custom_margin=&#8221;||10px||false|false&#8221; locked=&#8221;off&#8221; global_colors_info=&#8221;{}&#8221;]<\/p>\n<h2>Para os clientes:<\/h2>\n<ul>\n<li><strong>Faz o que est\u00e1 certo<\/strong>: Como cliente, podes ter a certeza de que algu\u00e9m estar\u00e1 sempre ao teu lado. Oferecemos-te v\u00e1rias op\u00e7\u00f5es adequadas, para que possas fazer a escolha certa para a tua organiza\u00e7\u00e3o de uma forma informada e confiante.<\/li>\n<li><strong>Transpar\u00eancia<br \/><\/strong>Na FLECS Uitzendbureau, a transpar\u00eancia \u00e9 fundamental. Acreditamos que uma comunica\u00e7\u00e3o clara \u00e9 a base para uma colabora\u00e7\u00e3o bem sucedida. O nosso envolvimento n\u00e3o termina ap\u00f3s a coloca\u00e7\u00e3o de um candidato; prestamos assist\u00eancia posterior e continuamos ativamente envolvidos depois.<\/li>\n<\/ul>\n<p>[\/et_pb_text][et_pb_button button_url=&#8221;@ET-DC@eyJkeW5hbWljIjp0cnVlLCJjb250ZW50IjoicG9zdF9saW5rX3VybF9wYWdlIiwic2V0dGluZ3MiOnsicG9zdF9pZCI6IjExMzkiLCJlbmFibGVfaHRtbCI6Im9mZiJ9fQ==@&#8221; button_text=&#8221;Lees meer&#8221; button_alignment=&#8221;left&#8221; button_alignment_last_edited=&#8221;off|desktop&#8221; _builder_version=&#8221;4.27.3&#8243; _dynamic_attributes=&#8221;button_url&#8221; _module_preset=&#8221;default&#8221; custom_margin_tablet=&#8221;||30px||false|false&#8221; custom_margin_phone=&#8221;||30px||false|false&#8221; custom_margin_last_edited=&#8221;on|tablet&#8221; global_colors_info=&#8221;{}&#8221;][\/et_pb_button][\/et_pb_column][et_pb_column type=&#8221;1_2&#8243; _builder_version=&#8221;4.27.2&#8243; _module_preset=&#8221;default&#8221; custom_css_main_element=&#8221;margin: auto;&#8221; global_colors_info=&#8221;{}&#8221;][et_pb_image src=&#8221;https:\/\/flec-s.nl\/wp-content\/uploads\/2025\/03\/two-young-businessmen-discussing-something.jpg&#8221; title_text=&#8221;two-young-businessmen-discussing-something&#8221; _builder_version=&#8221;4.27.4&#8243; _module_preset=&#8221;default&#8221; hover_enabled=&#8221;0&#8243; box_shadow_style=&#8221;preset4&#8243; box_shadow_horizontal=&#8221;5px&#8221; box_shadow_vertical=&#8221;5px&#8221; box_shadow_color=&#8221;#53107D&#8221; global_colors_info=&#8221;{}&#8221; custom_css_free_form=&#8221;selector img{||  aspect-ratio: 1\/1;||  object-fit: cover;||}&#8221; sticky_enabled=&#8221;0&#8243;][\/et_pb_image][\/et_pb_column][\/et_pb_row][\/et_pb_section][et_pb_section fb_built=&#8221;1&#8243; custom_padding_last_edited=&#8221;on|phone&#8221; _builder_version=&#8221;4.27.3&#8243; _module_preset=&#8221;default&#8221; background_color=&#8221;#F9F6EE&#8221; custom_padding=&#8221;0px||100px||false|false&#8221; custom_padding_tablet=&#8221;||75px||false|false&#8221; custom_padding_phone=&#8221;||50px||false|false&#8221; global_colors_info=&#8221;{}&#8221;][et_pb_row column_structure=&#8221;1_2,1_2&#8243; make_equal=&#8221;on&#8221; module_class=&#8221;wtfy-row-switch&#8221; _builder_version=&#8221;4.27.3&#8243; _module_preset=&#8221;default&#8221; locked=&#8221;off&#8221; global_colors_info=&#8221;{}&#8221;][et_pb_column type=&#8221;1_2&#8243; _builder_version=&#8221;4.27.2&#8243; _module_preset=&#8221;default&#8221; custom_css_main_element=&#8221;margin: auto;&#8221; global_colors_info=&#8221;{}&#8221;][et_pb_image src=&#8221;https:\/\/flec-s.nl\/wp-content\/uploads\/2025\/03\/cheerful-young-colleagues-sitting-office.jpg&#8221; title_text=&#8221;cheerful-young-colleagues-sitting-office&#8221; _builder_version=&#8221;4.27.4&#8243; _module_preset=&#8221;default&#8221; hover_enabled=&#8221;0&#8243; box_shadow_style=&#8221;preset4&#8243; box_shadow_horizontal=&#8221;5px&#8221; box_shadow_vertical=&#8221;5px&#8221; box_shadow_color=&#8221;#53107D&#8221; global_colors_info=&#8221;{}&#8221; sticky_enabled=&#8221;0&#8243;][\/et_pb_image][\/et_pb_column][et_pb_column type=&#8221;1_2&#8243; _builder_version=&#8221;4.27.0&#8243; _module_preset=&#8221;default&#8221; custom_css_main_element=&#8221;margin: auto;&#8221; global_colors_info=&#8221;{}&#8221;][et_pb_text module_class=&#8221;wtfy-markers&#8221; _builder_version=&#8221;4.27.3&#8243; _module_preset=&#8221;default&#8221; header_2_text_color=&#8221;#53107D&#8221; custom_margin=&#8221;||10px||false|false&#8221; locked=&#8221;off&#8221; global_colors_info=&#8221;{}&#8221;]<\/p>\n<ul><\/ul>\n<h2>Flex\u00edvel<\/h2>\n<p>Somos flex\u00edveis e adaptamo-nos \u00e0s necessidades \u00fanicas de cada cliente. Nenhuma aplica\u00e7\u00e3o \u00e9 igual, e \u00e9 por isso que nos mantemos em contacto para garantir que alcan\u00e7amos os melhores resultados em conjunto. Com a FLECS, tens a garantia de um parceiro que se preocupa realmente com a tua organiza\u00e7\u00e3o!<\/p>\n<p>[\/et_pb_text][et_pb_button button_url=&#8221;@ET-DC@eyJkeW5hbWljIjp0cnVlLCJjb250ZW50IjoicG9zdF9saW5rX3VybF9wYWdlIiwic2V0dGluZ3MiOnsicG9zdF9pZCI6IjEwNDEiLCJlbmFibGVfaHRtbCI6Im9mZiJ9fQ==@&#8221; button_text=&#8221;Tens mais alguma pergunta?&#8221; button_alignment=&#8221;left&#8221; button_alignment_last_edited=&#8221;off|desktop&#8221; _builder_version=&#8221;4.27.3&#8243; _dynamic_attributes=&#8221;button_url&#8221; _module_preset=&#8221;default&#8221; custom_margin_tablet=&#8221;||30px||false|false&#8221; custom_margin_phone=&#8221;||30px||false|false&#8221; custom_margin_last_edited=&#8221;on|tablet&#8221; global_colors_info=&#8221;{}&#8221;][\/et_pb_button][\/et_pb_column][\/et_pb_row][\/et_pb_section]<\/p>\n","protected":false},"excerpt":{"rendered":"<p>A partida A ag\u00eancia de emprego Flecs encontra um par para tiMedia\u00e7\u00e3o? Na FLECS, a media\u00e7\u00e3o \u00e9 sin\u00f3nimo de tr\u00eas valores fundamentais: pessoal, concentra\u00e7\u00e3o no par e empenho.Pessoais Acreditamos no poder da aten\u00e7\u00e3o pessoal. Ao ouvirmos verdadeiramente os candidatos a emprego e os empregadores, compreendemos os seus desejos e necessidades \u00fanicos e podemos fornecer solu\u00e7\u00f5es [&hellip;]<\/p>\n","protected":false},"author":1,"featured_media":0,"parent":0,"menu_order":0,"comment_status":"closed","ping_status":"closed","template":"","meta":{"_et_pb_use_builder":"on","_et_pb_old_content":"","_et_gb_content_width":"","footnotes":""},"class_list":["post-1380","page","type-page","status-publish","hentry"],"yoast_head":"<!-- This site is optimized with the Yoast SEO plugin v25.3.1 - https:\/\/yoast.com\/wordpress\/plugins\/seo\/ -->\n<title>O jogo - Flecs Uitzendbureau<\/title>\n<meta name=\"robots\" content=\"index, follow, max-snippet:-1, max-image-preview:large, max-video-preview:-1\" \/>\n<link rel=\"canonical\" href=\"https:\/\/flec-s.nl\/pt-pt\/o-jogo\/\" \/>\n<meta property=\"og:locale\" content=\"pt_PT\" \/>\n<meta property=\"og:type\" content=\"article\" \/>\n<meta property=\"og:title\" content=\"O jogo - Flecs Uitzendbureau\" \/>\n<meta property=\"og:description\" content=\"A partida A ag\u00eancia de emprego Flecs encontra um par para tiMedia\u00e7\u00e3o? Na FLECS, a media\u00e7\u00e3o \u00e9 sin\u00f3nimo de tr\u00eas valores fundamentais: pessoal, concentra\u00e7\u00e3o no par e empenho.Pessoais Acreditamos no poder da aten\u00e7\u00e3o pessoal. Ao ouvirmos verdadeiramente os candidatos a emprego e os empregadores, compreendemos os seus desejos e necessidades \u00fanicos e podemos fornecer solu\u00e7\u00f5es [&hellip;]\" \/>\n<meta property=\"og:url\" content=\"https:\/\/flec-s.nl\/pt-pt\/o-jogo\/\" \/>\n<meta property=\"og:site_name\" content=\"Flecs Uitzendbureau\" \/>\n<meta property=\"article:modified_time\" content=\"2025-05-21T15:12:06+00:00\" \/>\n<meta name=\"twitter:card\" content=\"summary_large_image\" \/>\n<meta name=\"twitter:label1\" content=\"Tempo estimado de leitura\" \/>\n\t<meta name=\"twitter:data1\" content=\"10 minutos\" \/>\n<script type=\"application\/ld+json\" class=\"yoast-schema-graph\">{\"@context\":\"https:\/\/schema.org\",\"@graph\":[{\"@type\":\"WebPage\",\"@id\":\"https:\/\/flec-s.nl\/pt-pt\/o-jogo\/\",\"url\":\"https:\/\/flec-s.nl\/pt-pt\/o-jogo\/\",\"name\":\"O jogo - Flecs Uitzendbureau\",\"isPartOf\":{\"@id\":\"https:\/\/jfu.dev1.webtify.nl\/#website\"},\"datePublished\":\"2024-11-26T08:24:31+00:00\",\"dateModified\":\"2025-05-21T15:12:06+00:00\",\"breadcrumb\":{\"@id\":\"https:\/\/flec-s.nl\/pt-pt\/o-jogo\/#breadcrumb\"},\"inLanguage\":\"pt-PT\",\"potentialAction\":[{\"@type\":\"ReadAction\",\"target\":[\"https:\/\/flec-s.nl\/pt-pt\/o-jogo\/\"]}]},{\"@type\":\"BreadcrumbList\",\"@id\":\"https:\/\/flec-s.nl\/pt-pt\/o-jogo\/#breadcrumb\",\"itemListElement\":[{\"@type\":\"ListItem\",\"position\":1,\"name\":\"Homepage\",\"item\":\"https:\/\/flec-s.nl\/pt-pt\/pagina-inicial\/\"},{\"@type\":\"ListItem\",\"position\":2,\"name\":\"O jogo\"}]},{\"@type\":\"WebSite\",\"@id\":\"https:\/\/jfu.dev1.webtify.nl\/#website\",\"url\":\"https:\/\/jfu.dev1.webtify.nl\/\",\"name\":\"Flecs Uitzendbureau\",\"description\":\"\",\"potentialAction\":[{\"@type\":\"SearchAction\",\"target\":{\"@type\":\"EntryPoint\",\"urlTemplate\":\"https:\/\/jfu.dev1.webtify.nl\/?s={search_term_string}\"},\"query-input\":{\"@type\":\"PropertyValueSpecification\",\"valueRequired\":true,\"valueName\":\"search_term_string\"}}],\"inLanguage\":\"pt-PT\"}]}<\/script>\n<!-- \/ Yoast SEO plugin. -->","yoast_head_json":{"title":"O jogo - Flecs Uitzendbureau","robots":{"index":"index","follow":"follow","max-snippet":"max-snippet:-1","max-image-preview":"max-image-preview:large","max-video-preview":"max-video-preview:-1"},"canonical":"https:\/\/flec-s.nl\/pt-pt\/o-jogo\/","og_locale":"pt_PT","og_type":"article","og_title":"O jogo - Flecs Uitzendbureau","og_description":"A partida A ag\u00eancia de emprego Flecs encontra um par para tiMedia\u00e7\u00e3o? Na FLECS, a media\u00e7\u00e3o \u00e9 sin\u00f3nimo de tr\u00eas valores fundamentais: pessoal, concentra\u00e7\u00e3o no par e empenho.Pessoais Acreditamos no poder da aten\u00e7\u00e3o pessoal. Ao ouvirmos verdadeiramente os candidatos a emprego e os empregadores, compreendemos os seus desejos e necessidades \u00fanicos e podemos fornecer solu\u00e7\u00f5es [&hellip;]","og_url":"https:\/\/flec-s.nl\/pt-pt\/o-jogo\/","og_site_name":"Flecs Uitzendbureau","article_modified_time":"2025-05-21T15:12:06+00:00","twitter_card":"summary_large_image","twitter_misc":{"Tempo estimado de leitura":"10 minutos"},"schema":{"@context":"https:\/\/schema.org","@graph":[{"@type":"WebPage","@id":"https:\/\/flec-s.nl\/pt-pt\/o-jogo\/","url":"https:\/\/flec-s.nl\/pt-pt\/o-jogo\/","name":"O jogo - Flecs Uitzendbureau","isPartOf":{"@id":"https:\/\/jfu.dev1.webtify.nl\/#website"},"datePublished":"2024-11-26T08:24:31+00:00","dateModified":"2025-05-21T15:12:06+00:00","breadcrumb":{"@id":"https:\/\/flec-s.nl\/pt-pt\/o-jogo\/#breadcrumb"},"inLanguage":"pt-PT","potentialAction":[{"@type":"ReadAction","target":["https:\/\/flec-s.nl\/pt-pt\/o-jogo\/"]}]},{"@type":"BreadcrumbList","@id":"https:\/\/flec-s.nl\/pt-pt\/o-jogo\/#breadcrumb","itemListElement":[{"@type":"ListItem","position":1,"name":"Homepage","item":"https:\/\/flec-s.nl\/pt-pt\/pagina-inicial\/"},{"@type":"ListItem","position":2,"name":"O jogo"}]},{"@type":"WebSite","@id":"https:\/\/jfu.dev1.webtify.nl\/#website","url":"https:\/\/jfu.dev1.webtify.nl\/","name":"Flecs Uitzendbureau","description":"","potentialAction":[{"@type":"SearchAction","target":{"@type":"EntryPoint","urlTemplate":"https:\/\/jfu.dev1.webtify.nl\/?s={search_term_string}"},"query-input":{"@type":"PropertyValueSpecification","valueRequired":true,"valueName":"search_term_string"}}],"inLanguage":"pt-PT"}]}},"_links":{"self":[{"href":"https:\/\/flec-s.nl\/pt-pt\/wp-json\/wp\/v2\/pages\/1380","targetHints":{"allow":["GET"]}}],"collection":[{"href":"https:\/\/flec-s.nl\/pt-pt\/wp-json\/wp\/v2\/pages"}],"about":[{"href":"https:\/\/flec-s.nl\/pt-pt\/wp-json\/wp\/v2\/types\/page"}],"author":[{"embeddable":true,"href":"https:\/\/flec-s.nl\/pt-pt\/wp-json\/wp\/v2\/users\/1"}],"replies":[{"embeddable":true,"href":"https:\/\/flec-s.nl\/pt-pt\/wp-json\/wp\/v2\/comments?post=1380"}],"version-history":[{"count":2,"href":"https:\/\/flec-s.nl\/pt-pt\/wp-json\/wp\/v2\/pages\/1380\/revisions"}],"predecessor-version":[{"id":1382,"href":"https:\/\/flec-s.nl\/pt-pt\/wp-json\/wp\/v2\/pages\/1380\/revisions\/1382"}],"wp:attachment":[{"href":"https:\/\/flec-s.nl\/pt-pt\/wp-json\/wp\/v2\/media?parent=1380"}],"curies":[{"name":"wp","href":"https:\/\/api.w.org\/{rel}","templated":true}]}}